{"id":2752,"date":"2025-01-30T08:19:05","date_gmt":"2025-01-30T08:19:05","guid":{"rendered":"https:\/\/www.finwave.es\/?page_id=2752"},"modified":"2025-01-30T11:00:28","modified_gmt":"2025-01-30T11:00:28","slug":"press-release","status":"publish","type":"page","link":"https:\/\/www.finwave.es\/es\/press-release\/","title":{"rendered":"Press Release"},"content":{"rendered":"<div data-elementor-type=\"wp-page\" data-elementor-id=\"2752\" class=\"elementor elementor-2752\">\n\t\t\t\t\t\t<header class=\"elementor-section elementor-top-section elementor-element elementor-element-54a8a9d5 elementor-section-stretched elementor-section-height-min-height elementor-section-boxed elementor-section-height-default elementor-section-items-middle\" data-id=\"54a8a9d5\" data-element_type=\"section\" data-settings=\"{&quot;stretch_section&quot;:&quot;section-stretched&quot;,&quot;background_background&quot;:&quot;slideshow&quot;,&quot;background_slideshow_gallery&quot;:[{&quot;id&quot;:1249,&quot;url&quot;:&quot;https:\\\/\\\/www.finwave.es\\\/wp-content\\\/uploads\\\/2024\\\/06\\\/001.png&quot;}],&quot;background_slideshow_slide_duration&quot;:5000,&quot;background_slideshow_slide_transition&quot;:&quot;fade&quot;,&quot;background_slideshow_transition_duration&quot;:500}\">\n\t\t\t\t\t\t\t<div class=\"elementor-background-overlay\"><\/div>\n\t\t\t\t\t\t\t<div class=\"elementor-container elementor-column-gap-no\">\n\t\t\t\t\t<div class=\"elementor-column elementor-col-100 elementor-top-column elementor-element elementor-element-194e5330\" data-id=\"194e5330\" data-element_type=\"column\">\n\t\t\t<div class=\"elementor-widget-wrap elementor-element-populated\">\n\t\t\t\t\t\t<div class=\"elementor-element elementor-element-2d431670 elementor-widget__width-initial elementor-widget elementor-widget-heading\" data-id=\"2d431670\" data-element_type=\"widget\" data-widget_type=\"heading.default\">\n\t\t\t\t<div class=\"elementor-widget-container\">\n\t\t\t<style>\/*! elementor - v3.21.0 - 26-05-2024 *\/\n.elementor-heading-title{padding:0;margin:0;line-height:1}.elementor-widget-heading .elementor-heading-title[class*=elementor-size-]>a{color:inherit;font-size:inherit;line-height:inherit}.elementor-widget-heading .elementor-heading-title.elementor-size-small{font-size:15px}.elementor-widget-heading .elementor-heading-title.elementor-size-medium{font-size:19px}.elementor-widget-heading .elementor-heading-title.elementor-size-large{font-size:29px}.elementor-widget-heading .elementor-heading-title.elementor-size-xl{font-size:39px}.elementor-widget-heading .elementor-heading-title.elementor-size-xxl{font-size:59px}<\/style><h1 class=\"elementor-heading-title elementor-size-default\">Finwave Iberia &amp; Latam adquiere Alvantia ampliando su propuesta de valor con soluciones de software para factoring y confirming <\/h1>\t\t<\/div>\n\t\t\t\t<\/div>\n\t\t\t\t\t<\/div>\n\t\t<\/div>\n\t\t\t\t\t<\/div>\n\t\t<\/header>\n\t\t<div class=\"elementor-element elementor-element-941d39b e-grid e-con-full e-con e-parent\" data-id=\"941d39b\" data-element_type=\"container\">\n\t\t<div class=\"elementor-element elementor-element-6356724 e-flex e-con-boxed e-con e-child\" data-id=\"6356724\" data-element_type=\"container\">\n\t\t\t\t\t<div class=\"e-con-inner\">\n\t\t\t\t<div class=\"elementor-element elementor-element-08f6146 elementor-widget elementor-widget-image\" data-id=\"08f6146\" data-element_type=\"widget\" data-widget_type=\"image.default\">\n\t\t\t\t<div class=\"elementor-widget-container\">\n\t\t\t<style>\/*! elementor - v3.21.0 - 26-05-2024 *\/\n.elementor-widget-image{text-align:center}.elementor-widget-image a{display:inline-block}.elementor-widget-image a img[src$=\".svg\"]{width:48px}.elementor-widget-image img{vertical-align:middle;display:inline-block}<\/style>\t\t\t\t\t\t\t\t\t\t<img fetchpriority=\"high\" decoding=\"async\" width=\"800\" height=\"163\" src=\"https:\/\/www.finwave.es\/wp-content\/uploads\/2025\/01\/logo_sin-lateral-blanco.jpg\" class=\"attachment-large size-large wp-image-2814\" alt=\"\" srcset=\"https:\/\/www.finwave.es\/wp-content\/uploads\/2025\/01\/logo_sin-lateral-blanco.jpg 800w, https:\/\/www.finwave.es\/wp-content\/uploads\/2025\/01\/logo_sin-lateral-blanco-300x61.jpg 300w, https:\/\/www.finwave.es\/wp-content\/uploads\/2025\/01\/logo_sin-lateral-blanco-768x156.jpg 768w, https:\/\/www.finwave.es\/wp-content\/uploads\/2025\/01\/logo_sin-lateral-blanco-18x4.jpg 18w\" sizes=\"(max-width: 800px) 100vw, 800px\" \/>\t\t\t\t\t\t\t\t\t\t\t\t\t<\/div>\n\t\t\t\t<\/div>\n\t\t\t\t<div class=\"elementor-element elementor-element-61370d2 elementor-widget__width-initial elementor-widget-tablet__width-initial elementor-widget-mobile__width-initial elementor-widget elementor-widget-text-editor\" data-id=\"61370d2\" data-element_type=\"widget\" data-widget_type=\"text-editor.default\">\n\t\t\t\t<div class=\"elementor-widget-container\">\n\t\t\t<style>\/*! elementor - v3.21.0 - 26-05-2024 *\/\n.elementor-widget-text-editor.elementor-drop-cap-view-stacked .elementor-drop-cap{background-color:#69727d;color:#fff}.elementor-widget-text-editor.elementor-drop-cap-view-framed .elementor-drop-cap{color:#69727d;border:3px solid;background-color:transparent}.elementor-widget-text-editor:not(.elementor-drop-cap-view-default) .elementor-drop-cap{margin-top:8px}.elementor-widget-text-editor:not(.elementor-drop-cap-view-default) .elementor-drop-cap-letter{width:1em;height:1em}.elementor-widget-text-editor .elementor-drop-cap{float:left;text-align:center;line-height:1;font-size:50px}.elementor-widget-text-editor .elementor-drop-cap-letter{display:inline-block}<\/style>\t\t\t\t<p>Madrid, <br \/>30 de enero de 2025<\/p>\t\t\t\t\t\t<\/div>\n\t\t\t\t<\/div>\n\t\t\t\t<div class=\"elementor-element elementor-element-d9b9e84 elementor-widget elementor-widget-text-editor\" data-id=\"d9b9e84\" data-element_type=\"widget\" data-widget_type=\"text-editor.default\">\n\t\t\t\t<div class=\"elementor-widget-container\">\n\t\t\t\t\t\t\t<p class=\" translation-block\"><em>Finwave Iberia &amp; Latam, parte del Grupo Fibonacci se asocia con Alvantia y su fundador para a\u00f1adir capacidades cloud-native en factoring y confirming y refuerza con ello su presencia en Espa\u00f1a y Latinoam\u00e9rica.<\/em><\/p>\t\t\t\t\t\t<\/div>\n\t\t\t\t<\/div>\n\t\t\t\t<div class=\"elementor-element elementor-element-52d2615 elementor-widget elementor-widget-text-editor\" data-id=\"52d2615\" data-element_type=\"widget\" data-widget_type=\"text-editor.default\">\n\t\t\t\t<div class=\"elementor-widget-container\">\n\t\t\t\t\t\t\t<p><span data-contrast=\"auto\">Finwave Iberia &amp; Latam, parte del Grupo Fibonacci, ha anunciado la adquisici\u00f3n de Alvantia de manos de su fundador, Roberto Guti\u00e9rrez. Alvantia es l\u00edder en software para factoring y confirming en Espa\u00f1a y Latinoam\u00e9rica. Con esta adquisici\u00f3n, el Grupo Fibonacci refuerza su presencia internacional y ampl\u00eda a\u00fan m\u00e1s su cartera de software.\u00a0<\/span><span data-ccp-props=\"{&quot;335551550&quot;:6,&quot;335551620&quot;:6}\">\u00a0<\/span><\/p><p><span data-contrast=\"auto\">Fundada en 2003 y con sede en Madrid, Alvantia es reconocida por sus plataformas de software de factoring y confirming, ambas modulares y cloud native, y ya implementadas en    instituciones financieras y proveedores especializados de primer nivel en Espa\u00f1a y Latinoam\u00e9rica.<\/span><span data-ccp-props=\"{&quot;335551550&quot;:6,&quot;335551620&quot;:6}\">\u00a0<\/span><\/p><p><span data-contrast=\"auto\">El Grupo Fibonacci cuenta con el respaldo de Apax Funds, un fondo global de capital riesgo que proporciona financiaci\u00f3n de capital a largo plazo para acelerar el crecimiento de empresas de primer nivel. Esta adquisici\u00f3n forma parte de la estrategia de Apax Funds de crear un grupo fintech l\u00edder en Europa, y se suma a las ya realizadas previamente y que conforman el Grupo Fibonacci: Finwave, OCS, Quid, Cabel y AltermAInd.\nAlvantia representa una pieza clave en esta estrategia, reforzando la presencia internacional del grupo y a\u00f1adiendo una profunda y s\u00f3lida experiencia en software en las \u00e1reas estrat\u00e9gicas de factoring y confirming. <\/span><span data-contrast=\"auto\">enhancing the group\u2019s international footprint and adding deep software expertise in the strategic areas of factoring and confirming.<\/span><span data-ccp-props=\"{&quot;335551550&quot;:6,&quot;335551620&quot;:6}\">\u00a0<\/span><\/p><p><i><span data-contrast=\"auto\">\u201cEstamos encantados de asociarnos con un emprendedor excepcional como Roberto y le damos una calurosa bienvenida al Grupo tanto a \u00e9l como al resto del equipo de Alvantia.  Esta incorporaci\u00f3n no s\u00f3lo refuerza nuestra posici\u00f3n en soluciones de software financiero, sino que tambi\u00e9n ampl\u00eda nuestras capacidades y fortalece nuestra propuesta de valor en Espa\u00f1a y Latinoam\u00e9rica, especialmente en los verticales de factoring y confirming. Juntos, lograremos un mayor impacto comercial e impulsaremos un crecimiento sostenible a largo plazo\"<\/span><\/i> afirma<b><span data-contrast=\"auto\"> Manuel Mu\u00f1iz-Morell, Managing Director of Finwave in Iberia and Latam.<\/span><\/b><span data-ccp-props=\"{&quot;335551550&quot;:6,&quot;335551620&quot;:6}\">\u00a0<\/span><\/p><p class=\" translation-block\"><span data-contrast=\"auto\">Por su parte, <b><span data-contrast=\"auto\">Roberto Gutierrez, CEO de Alvantia,<\/span><\/b><span data-contrast=\"auto\"> declara que: <\/span><i><span data-contrast=\"auto\">\u201cpara nosotros, esta operaci\u00f3n representa una oportunidad \u00fanica para llevar nuestra visi\u00f3n y experiencia al siguiente nivel. Unir fuerzas con Fibonacci Group nos permitir\u00e1 amplificar nuestra capacidad de ofrecer soluciones innovadoras a nuestros clientes, respaldados por una infraestructura s\u00f3lida y un alcance global. Estamos emocionados por este nuevo cap\u00edtulo, que combina lo mejor de nuestra agilidad y especializaci\u00f3n con los recursos y la visi\u00f3n estrat\u00e9gica de un l\u00edder de la industria\u201d.<\/span><\/i><span>\u00a0<\/span><\/p>\t\t\t\t\t\t<\/div>\n\t\t\t\t<\/div>\n\t\t\t\t<div class=\"elementor-element elementor-element-14247ea elementor-widget elementor-widget-text-editor\" data-id=\"14247ea\" data-element_type=\"widget\" data-widget_type=\"text-editor.default\">\n\t\t\t\t<div class=\"elementor-widget-container\">\n\t\t\t\t\t\t\t<p><b><i><span data-contrast=\"auto\">About Finwave Iberia &amp; Latam and Fibonacci Group<\/span><\/i><\/b><span data-ccp-props=\"{&quot;335551550&quot;:6,&quot;335551620&quot;:6}\">\u00a0<\/span><\/p><p><i><span data-contrast=\"auto\">Finwave Iberia &amp; Latam is part of Fibonacci Group, a company controlled by the Apax Funds, offers specialised software and services to financial institutions. The Group provides end-to-end solutions across specialty finance, including factoring and leasing, consumer finance, including personal loans, salary-backed loans, and mortgages, and banking services, including full outsourcing, core banking software, and digital products. <\/span><\/i>\u00a0<br \/><i><span data-contrast=\"auto\">Operating in Italy, Spain, Romania, the Netherlands, and Mexico, with over 1,500 employees, Fibonacci Group partners with tier-1 banks and specialised financial providers to drive innovation and efficiency.<\/span><\/i>\u00a0<br \/><i><span data-contrast=\"auto\">For more information, please visit <\/span><\/i><a href=\"https:\/\/www.finwave.es\/es\/\"><i><span data-contrast=\"none\">www.finwave.es<\/span><\/i><\/a><span data-ccp-props=\"{&quot;335551550&quot;:6,&quot;335551620&quot;:6}\">\u00a0<\/span><\/p><p><b><i><span data-contrast=\"auto\">About Apax<\/span><\/i><\/b><span data-ccp-props=\"{&quot;335551550&quot;:6,&quot;335551620&quot;:6}\">\u00a0<\/span><\/p><p><i><span data-contrast=\"auto\">Apax Partners LLP is a leading global private equity advisory firm. For over 50 years, Apax has worked to inspire growth and transform businesses. The firm has raised and advised funds with aggregate commitments of nearly $80 billion. Apax Funds invest in companies across three global sectors: Tech, Services, and Internet\/Consumer. These funds provide long-term equity financing to build and strengthen world-class companies. For further information, visit www.apax.com. Apax is authorized and regulated by the Financial Conduct Authority in the UK.<\/span><\/i><span data-ccp-props=\"{&quot;335551550&quot;:6,&quot;335551620&quot;:6}\">\u00a0<br \/>For more information, please visit\u00a0<\/span><a id=\"menur1fns\" class=\"fui-Link ___1q1shib f2hkw1w f3rmtva f1ewtqcl fyind8e f1k6fduh f1w7gpdv fk6fouc fjoy568 figsok6 f1s184ao f1mk8lai fnbmjn9 f1o700av f13mvf36 f1cmlufx f9n3di6 f1ids18y f1tx3yz7 f1deo86v f1eh06m1 f1iescvh fhgqx19 f1olyrje f1p93eir f1nev41a f1h8hb77 f1lqvz6u f10aw75t fsle3fq f17ae5zn\" style=\"text-align: var(--text-align); background-color: #ffffff;\" title=\"https:\/\/www.apax.com\/\" href=\"https:\/\/www.apax.com\/\" target=\"_blank\" rel=\"noreferrer noopener\" aria-label=\"V\u00ednculo https:\/\/www.apax.com\/\">https:\/\/www.apax.com\/<\/a><\/p><p><b><i><span data-contrast=\"auto\">About Alvantia<\/span><\/i><\/b><span data-ccp-props=\"{&quot;335551550&quot;:6,&quot;335551620&quot;:6}\">\u00a0<\/span><\/p><p><i><span data-contrast=\"auto\">Alvantia is a leading Spanish technology company specialising in cloud-native software solutions for Factoring and Confirming. The company provides innovative, end-to-end platforms that have earned the trust of top financial institutions in Spain and Latam, positioning it as a key partner in driving digital transformation within the receivables finance industry. Alvantia remains at the forefront of innovation and operational excellence in financial technology. <br \/>For more information, please visit <\/span><\/i><a href=\"http:\/\/www.alvantia.com\/\"><i><span data-contrast=\"none\">www.alvantia.com<\/span><\/i><\/a><span data-ccp-props=\"{&quot;335551550&quot;:6,&quot;335551620&quot;:6}\">\u00a0<\/span><\/p>\t\t\t\t\t\t<\/div>\n\t\t\t\t<\/div>\n\t\t\t\t\t<\/div>\n\t\t\t\t<\/div>\n\t\t\t\t<\/div>\n\t\t\t\t<section class=\"elementor-section elementor-top-section elementor-element elementor-element-264f155 elementor-section-full_width elementor-section-height-default elementor-section-height-default\" data-id=\"264f155\" data-element_type=\"section\">\n\t\t\t\t\t\t<div class=\"elementor-container elementor-column-gap-no\">\n\t\t\t\t\t<div class=\"elementor-column elementor-col-100 elementor-top-column elementor-element elementor-element-62976faa\" data-id=\"62976faa\" data-element_type=\"column\">\n\t\t\t<div class=\"elementor-widget-wrap elementor-element-populated\">\n\t\t\t\t\t\t<div class=\"elementor-element elementor-element-5c883d71 elementor-widget elementor-widget-image\" data-id=\"5c883d71\" data-element_type=\"widget\" data-widget_type=\"image.default\">\n\t\t\t\t<div class=\"elementor-widget-container\">\n\t\t\t\t\t\t\t\t\t\t\t\t\t<img decoding=\"async\" src=\"https:\/\/www.finwave.es\/wp-content\/uploads\/2024\/06\/clouds2.png\" title=\"\" alt=\"\" loading=\"lazy\" \/>\t\t\t\t\t\t\t\t\t\t\t\t\t<\/div>\n\t\t\t\t<\/div>\n\t\t\t\t\t<\/div>\n\t\t<\/div>\n\t\t\t\t\t<\/div>\n\t\t<\/section>\n\t\t\t\t<header class=\"elementor-section elementor-top-section elementor-element elementor-element-400ce93d elementor-section-stretched elementor-section-full_width elementor-section-height-min-height elementor-section-height-default elementor-section-items-middle\" data-id=\"400ce93d\" data-element_type=\"section\" data-settings=\"{&quot;stretch_section&quot;:&quot;section-stretched&quot;,&quot;background_background&quot;:&quot;slideshow&quot;,&quot;background_slideshow_gallery&quot;:[{&quot;id&quot;:542,&quot;url&quot;:&quot;https:\\\/\\\/www.finwave.es\\\/wp-content\\\/uploads\\\/2024\\\/06\\\/contattaci.webp&quot;}],&quot;background_slideshow_slide_duration&quot;:5000,&quot;background_slideshow_slide_transition&quot;:&quot;fade&quot;,&quot;background_slideshow_transition_duration&quot;:500}\">\n\t\t\t\t\t\t\t<div class=\"elementor-background-overlay\"><\/div>\n\t\t\t\t\t\t\t<div class=\"elementor-container elementor-column-gap-no\">\n\t\t\t\t\t<div class=\"elementor-column elementor-col-100 elementor-top-column elementor-element elementor-element-eec4a01\" data-id=\"eec4a01\" data-element_type=\"column\">\n\t\t\t<div class=\"elementor-widget-wrap elementor-element-populated\">\n\t\t\t\t\t\t<div class=\"elementor-element elementor-element-3986051d elementor-widget elementor-widget-heading\" data-id=\"3986051d\" data-element_type=\"widget\" data-widget_type=\"heading.default\">\n\t\t\t\t<div class=\"elementor-widget-container\">\n\t\t\t<h1 class=\"elementor-heading-title elementor-size-default\">\u00bfNecesita asesoramiento?<\/h1>\t\t<\/div>\n\t\t\t\t<\/div>\n\t\t\t\t<div class=\"elementor-element elementor-element-1677ef6b elementor-widget elementor-widget-heading\" data-id=\"1677ef6b\" data-element_type=\"widget\" data-widget_type=\"heading.default\">\n\t\t\t\t<div class=\"elementor-widget-container\">\n\t\t\t<h2 class=\"elementor-heading-title elementor-size-default\">Nuestros clientes son los protagonistas: nuestras soluciones son totalmente personalizables a sus necesidades y requisitos reales.<\/h2>\t\t<\/div>\n\t\t\t\t<\/div>\n\t\t\t\t<div class=\"elementor-element elementor-element-fdbae39 elementor-widget__width-auto elementor-widget elementor-widget-button\" data-id=\"fdbae39\" data-element_type=\"widget\" data-widget_type=\"button.default\">\n\t\t\t\t<div class=\"elementor-widget-container\">\n\t\t\t\t\t<div class=\"elementor-button-wrapper\">\n\t\t\t<a class=\"elementor-button elementor-button-link elementor-size-sm\" href=\"https:\/\/www.finwave.es\/es\/contacts\/\">\n\t\t\t\t\t\t<span class=\"elementor-button-content-wrapper\">\n\t\t\t\t\t\t<span class=\"elementor-button-icon elementor-align-icon-right\">\n\t\t\t\t<svg aria-hidden=\"true\" class=\"e-font-icon-svg e-fas-chevron-right\" viewbox=\"0 0 320 512\" xmlns=\"http:\/\/www.w3.org\/2000\/svg\"><path d=\"M285.476 272.971L91.132 467.314c-9.373 9.373-24.569 9.373-33.941 0l-22.667-22.667c-9.357-9.357-9.375-24.522-.04-33.901L188.505 256 34.484 101.255c-9.335-9.379-9.317-24.544.04-33.901l22.667-22.667c9.373-9.373 24.569-9.373 33.941 0L285.475 239.03c9.373 9.372 9.373 24.568.001 33.941z\"><\/path><\/svg>\t\t\t<\/span>\n\t\t\t\t\t\t\t\t\t<span class=\"elementor-button-text\">Cont\u00e1ctanos para m\u00e1s informaci\u00f3n<\/span>\n\t\t\t\t\t<\/span>\n\t\t\t\t\t<\/a>\n\t\t<\/div>\n\t\t\t\t<\/div>\n\t\t\t\t<\/div>\n\t\t\t\t\t<\/div>\n\t\t<\/div>\n\t\t\t\t\t<\/div>\n\t\t<\/header>\n\t\t\t\t<\/div>","protected":false},"excerpt":{"rendered":"<p>Finwave Iberia &#038; Latam acquires Alvantia, expanding capabilities in factoring and confirming software Madrid, January 30th, 2025 Finwave Iberia &amp; [&hellip;]<\/p>","protected":false},"author":1,"featured_media":0,"parent":0,"menu_order":0,"comment_status":"closed","ping_status":"closed","template":"","meta":{"site-sidebar-layout":"default","site-content-layout":"","ast-site-content-layout":"","site-content-style":"default","site-sidebar-style":"default","ast-global-header-display":"","ast-banner-title-visibility":"","ast-main-header-display":"","ast-hfb-above-header-display":"","ast-hfb-below-header-display":"","ast-hfb-mobile-header-display":"","site-post-title":"","ast-breadcrumbs-content":"","ast-featured-img":"","footer-sml-layout":"","theme-transparent-header-meta":"","adv-header-id-meta":"","stick-header-meta":"","header-above-stick-meta":"","header-main-stick-meta":"","header-below-stick-meta":"","astra-migrate-meta-layouts":"default","ast-page-background-enabled":"default","ast-page-background-meta":{"desktop":{"background-color":"var(--ast-global-color-4)","background-image":"","background-repeat":"repeat","background-position":"center center","background-size":"auto","background-attachment":"scroll","background-type":"","background-media":"","overlay-type":"","overlay-color":"","overlay-opacity":"","overlay-gradient":""},"tablet":{"background-color":"","background-image":"","background-repeat":"repeat","background-position":"center center","background-size":"auto","background-attachment":"scroll","background-type":"","background-media":"","overlay-type":"","overlay-color":"","overlay-opacity":"","overlay-gradient":""},"mobile":{"background-color":"","background-image":"","background-repeat":"repeat","background-position":"center center","background-size":"auto","background-attachment":"scroll","background-type":"","background-media":"","overlay-type":"","overlay-color":"","overlay-opacity":"","overlay-gradient":""}},"ast-content-background-meta":{"desktop":{"background-color":"var(--ast-global-color-5)","background-image":"","background-repeat":"repeat","background-position":"center center","background-size":"auto","background-attachment":"scroll","background-type":"","background-media":"","overlay-type":"","overlay-color":"","overlay-opacity":"","overlay-gradient":""},"tablet":{"background-color":"var(--ast-global-color-5)","background-image":"","background-repeat":"repeat","background-position":"center center","background-size":"auto","background-attachment":"scroll","background-type":"","background-media":"","overlay-type":"","overlay-color":"","overlay-opacity":"","overlay-gradient":""},"mobile":{"background-color":"var(--ast-global-color-5)","background-image":"","background-repeat":"repeat","background-position":"center center","background-size":"auto","background-attachment":"scroll","background-type":"","background-media":"","overlay-type":"","overlay-color":"","overlay-opacity":"","overlay-gradient":""}},"footnotes":""},"class_list":["post-2752","page","type-page","status-publish","hentry"],"_links":{"self":[{"href":"https:\/\/www.finwave.es\/es\/wp-json\/wp\/v2\/pages\/2752","targetHints":{"allow":["GET"]}}],"collection":[{"href":"https:\/\/www.finwave.es\/es\/wp-json\/wp\/v2\/pages"}],"about":[{"href":"https:\/\/www.finwave.es\/es\/wp-json\/wp\/v2\/types\/page"}],"author":[{"embeddable":true,"href":"https:\/\/www.finwave.es\/es\/wp-json\/wp\/v2\/users\/1"}],"replies":[{"embeddable":true,"href":"https:\/\/www.finwave.es\/es\/wp-json\/wp\/v2\/comments?post=2752"}],"version-history":[{"count":58,"href":"https:\/\/www.finwave.es\/es\/wp-json\/wp\/v2\/pages\/2752\/revisions"}],"predecessor-version":[{"id":2820,"href":"https:\/\/www.finwave.es\/es\/wp-json\/wp\/v2\/pages\/2752\/revisions\/2820"}],"wp:attachment":[{"href":"https:\/\/www.finwave.es\/es\/wp-json\/wp\/v2\/media?parent=2752"}],"curies":[{"name":"wp","href":"https:\/\/api.w.org\/{rel}","templated":true}]}}